{"id":3929,"date":"2024-11-12T20:14:23","date_gmt":"2024-11-12T19:14:23","guid":{"rendered":"https:\/\/fischervideos.agency-11.com\/?page_id=3929"},"modified":"2024-11-26T07:00:00","modified_gmt":"2024-11-26T06:00:00","slug":"home-shop","status":"publish","type":"page","link":"https:\/\/fischervideos.agency-11.com\/en\/","title":{"rendered":"Home Shop"},"content":{"rendered":"<h1>\n\t\tOnline-Video&shy;bibliothek zum Pferde&shy;training\n\t<\/h1>\n<h5>\n\t\tGesamte Abl\u00e4ufe in Schritt-f\u00fcr-Schritt-Videos, Arbeit mit Pferden im realen Training\n\t<\/h5>\n\t\t\t<a href=\"\/en\/video-galerie\/\" target=\"_self\">\n\t\t\t\t\t\t\tJetzt entdecken\n\t\t\t\t\t<\/a>\n<h6>\n\t\tDer Horseman\n\t<\/h6>\n<h2>\n\t\tdas lebens&shy;ver\u00e4ndernde Pferde&shy;training\n\t<\/h2>\n\t<p>Die Videos und Kurse sind \u00fcbersichtlich organisiert, um das Lernen und, was noch wichtiger ist, das Verstehen einfacher als je zuvor zu machen.<\/p>\n\t\t\t<a href=\"#abo\" target=\"_self\">\n\t\t\t\t\t\t\tJetzt Abonnieren\n\t\t\t\t\t<\/a>\n\t\t\t\t<img loading=\"lazy\" decoding=\"async\" src=\"https:\/\/fischervideos.agency-11.com\/wp-content\/uploads\/2024\/11\/sports-training-equestrian-rental-sale-horses-hiking-riding-walking.jpg\" alt=\"sports-training-equestrian-rental-sale-horses-hiking-riding-walking\" itemprop=\"image\" height=\"1280\" width=\"1920\" title=\"sports-training-equestrian-rental-sale-horses-hiking-riding-walking\" onerror=\"this.style.display='none'\"  \/>\n<h3>\n\t\tAbonnieren Sie jetzt und erhalten Sie Zugriff\n\t<\/h3>\n\t<p>auf die ultimative Online-Videobibliothek zum Pferdetraining<\/p>\n\t\t\t\t\t<h2>ALL ACCESS MONTHLY<\/h2> 29.90 EUR pro Monat<ul role=\"list\"><li role=\"listitem\">Zugriff auf \u00fcber 100 Videos<\/li><li role=\"listitem\">Mobilfreundlich<\/li><li role=\"listitem\">Mehrere Schulungskurse<\/li><li role=\"listitem\">Hochwertige Schulungen<\/li><\/ul>\n\t\t\t<a href=\"\/en\/subscription\/\" target=\"_self\">\n\t\t\t\t\t\t\tJetzt abonnieren\n\t\t\t\t\t<\/a>\n\t\t\t\t\t<h2>ALL ACCESS J\u00c4HRLICH<\/h2> 299 EUR pro Jahr<ul role=\"list\"><li role=\"listitem\">Sparen Sie 19 % im Monatsvergleich<\/li><li role=\"listitem\">Zugriff auf \u00fcber 100 Videos<\/li><li role=\"listitem\">Mobilfreundlich<\/li><li role=\"listitem\">Mehrere Schulungskurse<\/li><li role=\"listitem\">Hochwertige Schulungen<\/li><\/ul>\n\t\t\t<a href=\"\/en\/subscription\/\" target=\"_self\">\n\t\t\t\t\t\t\tJetzt abonnieren\n\t\t\t\t\t<\/a>\n<h2>\n\t\tWas Sie aus der Videobibliothek lernen k\u00f6nnen\n\t<\/h2>\n\t\t\t\t\t  <ul role=\"list\"><li role=\"listitem\">Bauen Sie eine st\u00e4rkere, engere Beziehung zu Ihrem Pferd auf<\/li><li role=\"listitem\">Bringen Sie Ihrem Pferd bei, wie es sein Nervensystem zur\u00fccksetzt (von Angst zu Ruhe)<\/li><li role=\"listitem\">Beheben Sie h\u00e4ufige Probleme<\/li><li role=\"listitem\">Bauen Sie eine st\u00e4rkere, engere Beziehung zu Ihrem Pferd auf<\/li><li role=\"listitem\">Bringen Sie Ihrem Pferd bei, wie es sein Nervensystem zur\u00fccksetzt (von Angst zu Ruhe)<\/li><li role=\"listitem\">Beheben Sie h\u00e4ufige Probleme<\/li><li role=\"listitem\">Die Bedeutung Ihrer inneren und \u00e4u\u00dferen Energie<\/li><li role=\"listitem\">Lernen Sie, wie Sie den emotionalen Zustand Ihres Pferdes vorbereiten<\/li><li role=\"listitem\">F\u00fchlen Sie sich in jeder Situation in der N\u00e4he Ihres Pferdes sicher<\/li><\/ul>\n\t\t\t<a href=\"\/en\/subscription\/\" target=\"_self\">\n\t\t\t\t\t\t\tJetzt abonnieren\n\t\t\t\t\t<\/a>\n\t\t\t\t\t  <ul role=\"list\"><li role=\"listitem\">Lernen Sie, auf Situationen und Verhaltensweisen zu reagieren statt zu reagieren<\/li><li role=\"listitem\">Umgang mit Fohlen &#8211; Beeinflussen Sie Ihr Fohlen, damit es ein selbstbewusster Erwachsener wird<\/li><li role=\"listitem\">Verstehen Sie, wie Bodenarbeitskonzepte sp\u00e4ter mit der Arbeit beim Reiten zusammenh\u00e4ngen<\/li><li role=\"listitem\">Die grundlegenden Prinzipien, die jeder Pferdeausbildung zugrunde liegen<\/li><li role=\"listitem\">Interpretieren Sie die K\u00f6rpersprache Ihres Pferdes<\/li><li role=\"listitem\">Grundlagen des Ausritts vor dem Ausritt<\/li><li role=\"listitem\">Ein Pferd von Anfang an starten<\/li><li role=\"listitem\">Ein Pferd neu starten, um h\u00e4ufige Probleme zu beheben<\/li><\/ul>\n\t\t\t<a href=\"\/en\/subscription\/\" target=\"_self\">\n\t\t\t\t\t\t\tJetzt abonnieren\n\t\t\t\t\t<\/a>\n\t\t\t<a href=\"\/en\/subscription\/\" target=\"_self\">\n\t\t\t\t\t\t\tJetzt Abonnieren\n\t\t\t\t\t<\/a>\n<h2>\n\t\tkurse\n\t<\/h2>\n\t\t\t<a href=\"\/en\/kurse\/\" target=\"_self\">\n\t\t\t\t\t\t\tAlle kurse ansehen\n\t\t\t\t\t<\/a>","protected":false},"excerpt":{"rendered":"<p>Online-Video&shy;bibliothek zum Pferde&shy;training Gesamte Abl\u00e4ufe in Schritt-f\u00fcr-Schritt-Videos, Arbeit mit Pferden im realen Training Jetzt entdecken Der Horseman das lebens&shy;ver\u00e4ndernde Pferde&shy;training Die Videos und Kurse sind \u00fcbersichtlich organisiert, um das Lernen und, was noch wichtiger ist, das Verstehen einfacher als je zuvor zu machen. Jetzt Abonnieren Abonnieren Sie jetzt und erhalten Sie Zugriff auf die ultimative &#8230; <a title=\"Home Shop\" class=\"read-more\" href=\"https:\/\/fischervideos.agency-11.com\/en\/\" aria-label=\"Read more about Home Shop\">Read more<\/a><\/p>","protected":false},"author":1,"featured_media":0,"parent":0,"menu_order":0,"comment_status":"closed","ping_status":"closed","template":"","meta":{"_acf_changed":false,"footnotes":""},"class_list":["post-3929","page","type-page","status-publish"],"acf":[],"_links":{"self":[{"href":"https:\/\/fischervideos.agency-11.com\/en\/wp-json\/wp\/v2\/pages\/3929","targetHints":{"allow":["GET"]}}],"collection":[{"href":"https:\/\/fischervideos.agency-11.com\/en\/wp-json\/wp\/v2\/pages"}],"about":[{"href":"https:\/\/fischervideos.agency-11.com\/en\/wp-json\/wp\/v2\/types\/page"}],"author":[{"embeddable":true,"href":"https:\/\/fischervideos.agency-11.com\/en\/wp-json\/wp\/v2\/users\/1"}],"replies":[{"embeddable":true,"href":"https:\/\/fischervideos.agency-11.com\/en\/wp-json\/wp\/v2\/comments?post=3929"}],"version-history":[{"count":0,"href":"https:\/\/fischervideos.agency-11.com\/en\/wp-json\/wp\/v2\/pages\/3929\/revisions"}],"wp:attachment":[{"href":"https:\/\/fischervideos.agency-11.com\/en\/wp-json\/wp\/v2\/media?parent=3929"}],"curies":[{"name":"wp","href":"https:\/\/api.w.org\/{rel}","templated":true}]}}